{"id":242,"date":"2025-01-15T09:14:35","date_gmt":"2025-01-15T12:14:35","guid":{"rendered":"https:\/\/edemocracia.camaraindaiatuba.sp.gov.br\/?page_id=242"},"modified":"2025-02-11T16:33:09","modified_gmt":"2025-02-11T19:33:09","slug":"relatorio-de-indicacoes","status":"publish","type":"page","link":"https:\/\/edemocracia.camaraindaiatuba.sp.gov.br\/index.php\/relatorio-de-indicacoes\/","title":{"rendered":"RELAT\u00d3RIO DA COMISS\u00c3O DE FINAN\u00c7AS E OR\u00c7AMENTO &#8211; COMPILADO &#8211; ANO 2024"},"content":{"rendered":"\n<p>Este relat\u00f3rio tem como objetivo apresentar as indica\u00e7\u00f5es feitas pelos Vereadores da C\u00e2mara Municipal ao longo do ano de 2024. Conforme o Art. 163 do Regimento Interno, a indica\u00e7\u00e3o \u00e9 o ato escrito em que o Vereador sugere medidas de interesse p\u00fablico \u00e0s autoridades competentes.<\/p>\n\n\n\n<p>No contexto das atividades legislativas \u00e9 o instrumento utilizado para o levantamento das demandas<br>da popula\u00e7\u00e3o que foram encaminhadas ao Poder Executivo antes da elabora\u00e7\u00e3o do or\u00e7amento. Este<br>procedimento \u00e9 essencial para auxiliar na concep\u00e7\u00e3o dos diagn\u00f3sticos necess\u00e1rios para a previs\u00e3o<br>das pol\u00edticas p\u00fablicas a serem executadas.<\/p>\n\n\n\n<h2 class=\"wp-block-heading\">DEMANDAS COLETADAS<\/h2>\n\n\n\n<iframe loading=\"lazy\" width=\"1140\" height=\"850\" src=\"https:\/\/lookerstudio.google.com\/embed\/reporting\/78a4f787-625d-4f21-b784-623ffff7c188\/page\/UOadE\" frameborder=\"0\" style=\"border:0\" allowfullscreen sandbox=\"allow-storage-access-by-user-activation allow-scripts allow-same-origin allow-popups allow-popups-to-escape-sandbox\"><\/iframe>\n\n\n\n<p>Clique no nome do vereador abaixo para ter acesso integral \u00e0s demandas coletadas<br><br><\/p>\n\n\n\n<div class=\"wp-block-columns is-layout-flex wp-container-core-columns-is-layout-9d6595d7 wp-block-columns-is-layout-flex\">\n<div class=\"wp-block-column is-layout-flow wp-block-column-is-layout-flow\">\n<p><a href=\"https:\/\/sapl.indaiatuba.sp.leg.br\/consultas\/materia\/materia_pesquisar_proc?incluir=0&amp;existe_ocorrencia=0&amp;lst_tip_materia=8&amp;txt_numero=&amp;txt_prot_pref=&amp;txt_ano=2024&amp;txt_npc=&amp;txt_num_protocolo=&amp;dt_apres=&amp;dt_apres2=&amp;dt_public=&amp;dt_public2=&amp;hdn_txt_autor=&amp;hdn_cod_autor=21&amp;lst_tip_autor=Parlamentar&amp;lst_cod_partido=&amp;txt_relator=&amp;txt_assunto=&amp;rad_tramitando=&amp;lst_localizacao=&amp;lst_tramitou=&amp;lst_status=&amp;rd_ordenacao=1&amp;chk_coautor=0\" target=\"_blank\" rel=\"noreferrer noopener\">ADALTO MISSIAS DE OLIVEIRA<\/a><\/p>\n\n\n\n<p id=\"block-9fdff40f-d6d0-4658-98a4-83cd611f71d2\"><a href=\"https:\/\/sapl.indaiatuba.sp.leg.br\/consultas\/materia\/materia_pesquisar_proc?incluir=0&amp;existe_ocorrencia=0&amp;lst_tip_materia=8&amp;txt_numero=&amp;txt_prot_pref=&amp;txt_ano=2024&amp;txt_npc=&amp;txt_num_protocolo=&amp;dt_apres=&amp;dt_apres2=&amp;dt_public=&amp;dt_public2=&amp;hdn_txt_autor=&amp;hdn_cod_autor=9&amp;lst_tip_autor=Parlamentar&amp;lst_cod_partido=&amp;txt_relator=&amp;txt_assunto=&amp;rad_tramitando=&amp;lst_localizacao=&amp;lst_tramitou=&amp;lst_status=&amp;rd_ordenacao=1&amp;chk_coautor=0\" target=\"_blank\" rel=\"noreferrer noopener\">ALEXANDRE CARLOS PERES<\/a><\/p>\n\n\n\n<p id=\"block-67410a06-f04a-4ffa-b10a-143a2dfa5e39\"><a href=\"https:\/\/sapl.indaiatuba.sp.leg.br\/consultas\/materia\/materia_pesquisar_proc?incluir=0&amp;existe_ocorrencia=0&amp;lst_tip_materia=8&amp;txt_numero=&amp;txt_prot_pref=&amp;txt_ano=2024&amp;txt_npc=&amp;txt_num_protocolo=&amp;dt_apres=&amp;dt_apres2=&amp;dt_public=&amp;dt_public2=&amp;hdn_txt_autor=&amp;hdn_cod_autor=68&amp;lst_tip_autor=Parlamentar&amp;lst_cod_partido=&amp;txt_relator=&amp;txt_assunto=&amp;rad_tramitando=&amp;lst_localizacao=&amp;lst_tramitou=&amp;lst_status=&amp;rd_ordenacao=1&amp;chk_coautor=0\" target=\"_blank\" rel=\"noreferrer noopener\">ANA MARIA DOS SANTOS<\/a><\/p>\n\n\n\n<p id=\"block-27f59a62-0521-4c7c-9245-3e5983be25b8\"><a href=\"https:\/\/sapl.indaiatuba.sp.leg.br\/consultas\/materia\/materia_pesquisar_proc?incluir=0&amp;existe_ocorrencia=0&amp;lst_tip_materia=8&amp;txt_numero=&amp;txt_prot_pref=&amp;txt_ano=2024&amp;txt_npc=&amp;txt_num_protocolo=&amp;dt_apres=&amp;dt_apres2=&amp;dt_public=&amp;dt_public2=&amp;hdn_txt_autor=&amp;hdn_cod_autor=75&amp;lst_tip_autor=Parlamentar&amp;lst_cod_partido=&amp;txt_relator=&amp;txt_assunto=&amp;rad_tramitando=&amp;lst_localizacao=&amp;lst_tramitou=&amp;lst_status=&amp;rd_ordenacao=1&amp;chk_coautor=0\" target=\"_blank\" rel=\"noreferrer noopener\">EDUARDO TONIN<\/a><\/p>\n\n\n\n<p><a href=\"https:\/\/sapl.indaiatuba.sp.leg.br\/consultas\/materia\/materia_pesquisar_proc?incluir=0&amp;existe_ocorrencia=0&amp;lst_tip_materia=8&amp;txt_numero=&amp;txt_prot_pref=&amp;txt_ano=2024&amp;txt_npc=&amp;txt_num_protocolo=&amp;dt_apres=&amp;dt_apres2=&amp;dt_public=&amp;dt_public2=&amp;hdn_txt_autor=&amp;hdn_cod_autor=14&amp;lst_tip_autor=Parlamentar&amp;lst_cod_partido=&amp;txt_relator=&amp;txt_assunto=&amp;rad_tramitando=&amp;lst_localizacao=&amp;lst_tramitou=&amp;lst_status=&amp;rd_ordenacao=1&amp;chk_coautor=0\" target=\"_blank\" rel=\"noreferrer noopener\">H\u00c9LIO ALVES RIBEIRO<\/a><\/p>\n<\/div>\n\n\n\n<div class=\"wp-block-column is-layout-flow wp-block-column-is-layout-flow\">\n<p id=\"block-f814142a-3e86-4b33-a8c1-07ba3a6e5410\"><a href=\"https:\/\/sapl.indaiatuba.sp.leg.br\/consultas\/materia\/materia_pesquisar_proc?incluir=0&amp;existe_ocorrencia=0&amp;lst_tip_materia=8&amp;txt_numero=&amp;txt_prot_pref=&amp;txt_ano=2024&amp;txt_npc=&amp;txt_num_protocolo=&amp;dt_apres=&amp;dt_apres2=&amp;dt_public=&amp;dt_public2=&amp;hdn_txt_autor=&amp;hdn_cod_autor=16&amp;lst_tip_autor=Parlamentar&amp;lst_cod_partido=&amp;txt_relator=&amp;txt_assunto=&amp;rad_tramitando=&amp;lst_localizacao=&amp;lst_tramitou=&amp;lst_status=&amp;rd_ordenacao=1&amp;chk_coautor=0\" target=\"_blank\" rel=\"noreferrer noopener\">JORGE LU\u00cdS LEPINSK<\/a><\/p>\n\n\n\n<p id=\"block-8f9529ec-1137-4f8c-9428-062efa0ea41e\"><a href=\"https:\/\/sapl.indaiatuba.sp.leg.br\/consultas\/materia\/materia_pesquisar_proc?incluir=0&amp;existe_ocorrencia=0&amp;lst_tip_materia=8&amp;txt_numero=&amp;txt_prot_pref=&amp;txt_ano=2024&amp;txt_npc=&amp;txt_num_protocolo=&amp;dt_apres=&amp;dt_apres2=&amp;dt_public=&amp;dt_public2=&amp;hdn_txt_autor=&amp;hdn_cod_autor=69&amp;lst_tip_autor=Parlamentar&amp;lst_cod_partido=&amp;txt_relator=&amp;txt_assunto=&amp;rad_tramitando=&amp;lst_localizacao=&amp;lst_tramitou=&amp;lst_status=&amp;rd_ordenacao=1&amp;chk_coautor=0\" target=\"_blank\" rel=\"noreferrer noopener\">LEANDRO JOS\u00c9 PINTO<\/a><\/p>\n\n\n\n<p id=\"block-9dbf75f2-0c05-4b99-a6be-2f1da04120f7\"><a href=\"https:\/\/sapl.indaiatuba.sp.leg.br\/consultas\/materia\/materia_pesquisar_proc?incluir=0&amp;existe_ocorrencia=0&amp;lst_tip_materia=8&amp;txt_numero=&amp;txt_prot_pref=&amp;txt_ano=2024&amp;txt_npc=&amp;txt_num_protocolo=&amp;dt_apres=&amp;dt_apres2=&amp;dt_public=&amp;dt_public2=&amp;hdn_txt_autor=&amp;hdn_cod_autor=76&amp;lst_tip_autor=Parlamentar&amp;lst_cod_partido=&amp;txt_relator=&amp;txt_assunto=&amp;rad_tramitando=&amp;lst_localizacao=&amp;lst_tramitou=&amp;lst_status=&amp;rd_ordenacao=1&amp;chk_coautor=0\" target=\"_blank\" rel=\"noreferrer noopener\">LUCIDALVA LUZ DOS SANTOS<\/a><\/p>\n\n\n\n<p id=\"block-3b557d9c-3e08-42df-9fe9-4b93dd92747c\"><a href=\"https:\/\/sapl.indaiatuba.sp.leg.br\/consultas\/materia\/materia_pesquisar_proc?incluir=0&amp;existe_ocorrencia=0&amp;lst_tip_materia=8&amp;txt_numero=&amp;txt_prot_pref=&amp;txt_ano=2024&amp;txt_npc=&amp;txt_num_protocolo=&amp;dt_apres=&amp;dt_apres2=&amp;dt_public=&amp;dt_public2=&amp;hdn_txt_autor=&amp;hdn_cod_autor=17&amp;lst_tip_autor=Parlamentar&amp;lst_cod_partido=&amp;txt_relator=&amp;txt_assunto=&amp;rad_tramitando=&amp;lst_localizacao=&amp;lst_tramitou=&amp;lst_status=&amp;rd_ordenacao=1&amp;chk_coautor=0\" target=\"_blank\" rel=\"noreferrer noopener\">LUIZ ALBERTO PEREIRA<\/a><\/p>\n\n\n\n<p id=\"block-cf4cc7df-7f2e-4251-a8d5-856643ce5103\"><a href=\"https:\/\/sapl.indaiatuba.sp.leg.br\/consultas\/materia\/materia_pesquisar_proc?incluir=0&amp;existe_ocorrencia=0&amp;lst_tip_materia=8&amp;txt_numero=&amp;txt_prot_pref=&amp;txt_ano=2024&amp;txt_npc=&amp;txt_num_protocolo=&amp;dt_apres=&amp;dt_apres2=&amp;dt_public=&amp;dt_public2=&amp;hdn_txt_autor=&amp;hdn_cod_autor=18&amp;lst_tip_autor=Parlamentar&amp;lst_cod_partido=&amp;txt_relator=&amp;txt_assunto=&amp;rad_tramitando=&amp;lst_localizacao=&amp;lst_tramitou=&amp;lst_status=&amp;rd_ordenacao=1&amp;chk_coautor=0\" target=\"_blank\" rel=\"noreferrer noopener\">LUIZ CARLOS CHIAPARINE<\/a><\/p>\n<\/div>\n\n\n\n<div class=\"wp-block-column is-layout-flow wp-block-column-is-layout-flow\">\n<p id=\"block-17e582c6-c92c-43ae-bbe1-70c84816a00c\"><a href=\"https:\/\/sapl.indaiatuba.sp.leg.br\/consultas\/materia\/materia_pesquisar_proc?incluir=0&amp;existe_ocorrencia=0&amp;lst_tip_materia=8&amp;txt_numero=&amp;txt_prot_pref=&amp;txt_ano=2024&amp;txt_npc=&amp;txt_num_protocolo=&amp;dt_apres=&amp;dt_apres2=&amp;dt_public=&amp;dt_public2=&amp;hdn_txt_autor=&amp;hdn_cod_autor=70&amp;lst_tip_autor=Parlamentar&amp;lst_cod_partido=&amp;txt_relator=&amp;txt_assunto=&amp;rad_tramitando=&amp;lst_localizacao=&amp;lst_tramitou=&amp;lst_status=&amp;rd_ordenacao=1&amp;chk_coautor=0\" target=\"_blank\" rel=\"noreferrer noopener\">OTHNIEL HARFUCH<\/a><\/p>\n\n\n\n<p id=\"block-d5029097-692b-4ca1-82d5-bc4d70231660\"><a href=\"https:\/\/sapl.indaiatuba.sp.leg.br\/consultas\/materia\/materia_pesquisar_proc?incluir=0&amp;existe_ocorrencia=0&amp;lst_tip_materia=8&amp;txt_numero=&amp;txt_prot_pref=&amp;txt_ano=2024&amp;txt_npc=&amp;txt_num_protocolo=&amp;dt_apres=&amp;dt_apres2=&amp;dt_public=&amp;dt_public2=&amp;hdn_txt_autor=&amp;hdn_cod_autor=74&amp;lst_tip_autor=Parlamentar&amp;lst_cod_partido=&amp;txt_relator=&amp;txt_assunto=&amp;rad_tramitando=&amp;lst_localizacao=&amp;lst_tramitou=&amp;lst_status=&amp;rd_ordenacao=1&amp;chk_coautor=0\" target=\"_blank\" rel=\"noreferrer noopener\">S\u00c9RGIO JOS\u00c9 TEIXEIRA<\/a><\/p>\n\n\n\n<p id=\"block-6709c846-0804-4fd0-90da-33ebb45104cf\"><a href=\"https:\/\/sapl.indaiatuba.sp.leg.br\/consultas\/materia\/materia_pesquisar_proc?incluir=0&amp;existe_ocorrencia=0&amp;lst_tip_materia=8&amp;txt_numero=&amp;txt_prot_pref=&amp;txt_ano=2024&amp;txt_npc=&amp;txt_num_protocolo=&amp;dt_apres=&amp;dt_apres2=&amp;dt_public=&amp;dt_public2=&amp;hdn_txt_autor=&amp;hdn_cod_autor=20&amp;lst_tip_autor=Parlamentar&amp;lst_cod_partido=&amp;txt_relator=&amp;txt_assunto=&amp;rad_tramitando=&amp;lst_localizacao=&amp;lst_tramitou=&amp;lst_status=&amp;rd_ordenacao=1&amp;chk_coautor=0\" target=\"_blank\" rel=\"noreferrer noopener\">SILENE SILVANA CARVALINI<\/a><\/p>\n\n\n\n<p id=\"block-0e223754-0755-415c-a190-16e0212c654f\"><a href=\"https:\/\/sapl.indaiatuba.sp.leg.br\/consultas\/materia\/materia_pesquisar_proc?incluir=0&amp;existe_ocorrencia=0&amp;lst_tip_materia=8&amp;txt_numero=&amp;txt_prot_pref=&amp;txt_ano=2024&amp;txt_npc=&amp;txt_num_protocolo=&amp;dt_apres=&amp;dt_apres2=&amp;dt_public=&amp;dt_public2=&amp;hdn_txt_autor=&amp;hdn_cod_autor=71&amp;lst_tip_autor=Parlamentar&amp;lst_cod_partido=&amp;txt_relator=&amp;txt_assunto=&amp;rad_tramitando=&amp;lst_localizacao=&amp;lst_tramitou=&amp;lst_status=&amp;rd_ordenacao=1&amp;chk_coautor=0\" target=\"_blank\" rel=\"noreferrer noopener\">WILSON JOS\u00c9 DOS SANTOS<\/a><\/p>\n<\/div>\n<\/div>\n\n\n\n<h2 class=\"wp-block-heading\">Pareceres em Mat\u00e9rias em 2024<\/h2>\n\n\n\n<p><a href=\"https:\/\/sapl.indaiatuba.sp.leg.br\/consultas\/comissao\/parecer\/parecer_index_html?cod_comissao=2&amp;ano=2024\" data-type=\"link\" data-id=\"https:\/\/sapl.indaiatuba.sp.leg.br\/consultas\/comissao\/parecer\/parecer_index_html?cod_comissao=2&amp;ano=2024\">Clique aqui para ter acesso integral aos projetos discutidos pela Comiss\u00e3o no ano de 2024<\/a><\/p>\n\n\n\n<iframe loading=\"lazy\" width=\"1140\" height=\"850\" src=\"https:\/\/lookerstudio.google.com\/embed\/reporting\/6c4942d8-a948-4496-b6ca-fec30112aa26\/page\/BTmdE\" frameborder=\"0\" style=\"border:0\" allowfullscreen sandbox=\"allow-storage-access-by-user-activation allow-scripts allow-same-origin allow-popups allow-popups-to-escape-sandbox\"><\/iframe>\n\n\n\n<div class=\"wp-block-columns is-layout-flex wp-container-core-columns-is-layout-9d6595d7 wp-block-columns-is-layout-flex\">\n<div class=\"wp-block-column is-layout-flow wp-block-column-is-layout-flow\"><\/div>\n\n\n\n<div class=\"wp-block-column is-layout-flow wp-block-column-is-layout-flow\"><\/div>\n\n\n\n<div class=\"wp-block-column is-layout-flow wp-block-column-is-layout-flow\"><\/div>\n<\/div>\n\n\n\n<div class=\"wp-block-columns is-layout-flex wp-container-core-columns-is-layout-9d6595d7 wp-block-columns-is-layout-flex\">\n<div class=\"wp-block-column is-layout-flow wp-block-column-is-layout-flow\">\n<figure class=\"wp-block-image size-full\"><img loading=\"lazy\" decoding=\"async\" width=\"350\" height=\"380\" src=\"https:\/\/edemocracia.camaraindaiatuba.sp.gov.br\/wp-content\/uploads\/2025\/01\/154_foto_parlamentar.jpeg\" alt=\"\" class=\"wp-image-317\" srcset=\"https:\/\/edemocracia.camaraindaiatuba.sp.gov.br\/wp-content\/uploads\/2025\/01\/154_foto_parlamentar.jpeg 350w, https:\/\/edemocracia.camaraindaiatuba.sp.gov.br\/wp-content\/uploads\/2025\/01\/154_foto_parlamentar-276x300.jpeg 276w\" sizes=\"auto, (max-width: 350px) 100vw, 350px\" \/><\/figure>\n\n\n<div class=\"wp-block-image\">\n<figure class=\"aligncenter size-full is-resized\"><img loading=\"lazy\" decoding=\"async\" width=\"659\" height=\"563\" src=\"https:\/\/edemocracia.camaraindaiatuba.sp.gov.br\/wp-content\/uploads\/2025\/01\/imagem-1.jpeg\" alt=\"\" class=\"wp-image-320\" style=\"width:118px;height:auto\" srcset=\"https:\/\/edemocracia.camaraindaiatuba.sp.gov.br\/wp-content\/uploads\/2025\/01\/imagem-1.jpeg 659w, https:\/\/edemocracia.camaraindaiatuba.sp.gov.br\/wp-content\/uploads\/2025\/01\/imagem-1-300x256.jpeg 300w\" sizes=\"auto, (max-width: 659px) 100vw, 659px\" \/><\/figure>\n<\/div><\/div>\n\n\n\n<div class=\"wp-block-column is-layout-flow wp-block-column-is-layout-flow\">\n<figure class=\"wp-block-image size-full\"><img loading=\"lazy\" decoding=\"async\" width=\"350\" height=\"380\" src=\"https:\/\/edemocracia.camaraindaiatuba.sp.gov.br\/wp-content\/uploads\/2025\/01\/12_foto_parlamentar.jpeg\" alt=\"\" class=\"wp-image-318\" srcset=\"https:\/\/edemocracia.camaraindaiatuba.sp.gov.br\/wp-content\/uploads\/2025\/01\/12_foto_parlamentar.jpeg 350w, https:\/\/edemocracia.camaraindaiatuba.sp.gov.br\/wp-content\/uploads\/2025\/01\/12_foto_parlamentar-276x300.jpeg 276w\" sizes=\"auto, (max-width: 350px) 100vw, 350px\" \/><\/figure>\n\n\n<div class=\"wp-block-image\">\n<figure class=\"aligncenter size-full is-resized\"><img loading=\"lazy\" decoding=\"async\" width=\"622\" height=\"348\" src=\"https:\/\/edemocracia.camaraindaiatuba.sp.gov.br\/wp-content\/uploads\/2025\/01\/imagem.jpeg\" alt=\"\" class=\"wp-image-321\" style=\"width:134px;height:auto\" srcset=\"https:\/\/edemocracia.camaraindaiatuba.sp.gov.br\/wp-content\/uploads\/2025\/01\/imagem.jpeg 622w, https:\/\/edemocracia.camaraindaiatuba.sp.gov.br\/wp-content\/uploads\/2025\/01\/imagem-300x168.jpeg 300w\" sizes=\"auto, (max-width: 622px) 100vw, 622px\" \/><\/figure>\n<\/div><\/div>\n\n\n\n<div class=\"wp-block-column is-layout-flow wp-block-column-is-layout-flow\">\n<figure class=\"wp-block-image size-full\"><img loading=\"lazy\" decoding=\"async\" width=\"350\" height=\"380\" src=\"https:\/\/edemocracia.camaraindaiatuba.sp.gov.br\/wp-content\/uploads\/2025\/01\/156_foto_parlamentar.jpeg\" alt=\"\" class=\"wp-image-319\" srcset=\"https:\/\/edemocracia.camaraindaiatuba.sp.gov.br\/wp-content\/uploads\/2025\/01\/156_foto_parlamentar.jpeg 350w, https:\/\/edemocracia.camaraindaiatuba.sp.gov.br\/wp-content\/uploads\/2025\/01\/156_foto_parlamentar-276x300.jpeg 276w\" sizes=\"auto, (max-width: 350px) 100vw, 350px\" \/><\/figure>\n\n\n<div class=\"wp-block-image\">\n<figure class=\"aligncenter size-full\"><img loading=\"lazy\" decoding=\"async\" width=\"814\" height=\"191\" src=\"https:\/\/edemocracia.camaraindaiatuba.sp.gov.br\/wp-content\/uploads\/2025\/01\/imagem-2.png\" alt=\"\" class=\"wp-image-322\" srcset=\"https:\/\/edemocracia.camaraindaiatuba.sp.gov.br\/wp-content\/uploads\/2025\/01\/imagem-2.png 814w, https:\/\/edemocracia.camaraindaiatuba.sp.gov.br\/wp-content\/uploads\/2025\/01\/imagem-2-300x70.png 300w, https:\/\/edemocracia.camaraindaiatuba.sp.gov.br\/wp-content\/uploads\/2025\/01\/imagem-2-768x180.png 768w\" sizes=\"auto, (max-width: 814px) 100vw, 814px\" \/><\/figure>\n<\/div><\/div>\n<\/div>\n\n\n\n<p><\/p>\n","protected":false},"excerpt":{"rendered":"<p>Este relat\u00f3rio tem como objetivo apresentar as indica\u00e7\u00f5es feitas pelos Vereadores da C\u00e2mara Municipal ao longo do ano de 2024. Conforme o Art. 163 do Regimento Interno, a indica\u00e7\u00e3o \u00e9 o ato escrito em que o Vereador sugere medidas de interesse p\u00fablico \u00e0s autoridades competentes. No contexto das atividades legislativas \u00e9 o instrumento utilizado para<\/p><\/div>\n<div class=\"blog-btn\"><a href=\"https:\/\/edemocracia.camaraindaiatuba.sp.gov.br\/index.php\/relatorio-de-indicacoes\/\" class=\"home-blog-btn\">Ler mais<\/a><\/p>\n","protected":false},"author":1,"featured_media":0,"parent":0,"menu_order":0,"comment_status":"closed","ping_status":"closed","template":"","meta":{"footnotes":""},"class_list":["post-242","page","type-page","status-publish","hentry"],"_links":{"self":[{"href":"https:\/\/edemocracia.camaraindaiatuba.sp.gov.br\/index.php\/wp-json\/wp\/v2\/pages\/242","targetHints":{"allow":["GET"]}}],"collection":[{"href":"https:\/\/edemocracia.camaraindaiatuba.sp.gov.br\/index.php\/wp-json\/wp\/v2\/pages"}],"about":[{"href":"https:\/\/edemocracia.camaraindaiatuba.sp.gov.br\/index.php\/wp-json\/wp\/v2\/types\/page"}],"author":[{"embeddable":true,"href":"https:\/\/edemocracia.camaraindaiatuba.sp.gov.br\/index.php\/wp-json\/wp\/v2\/users\/1"}],"replies":[{"embeddable":true,"href":"https:\/\/edemocracia.camaraindaiatuba.sp.gov.br\/index.php\/wp-json\/wp\/v2\/comments?post=242"}],"version-history":[{"count":53,"href":"https:\/\/edemocracia.camaraindaiatuba.sp.gov.br\/index.php\/wp-json\/wp\/v2\/pages\/242\/revisions"}],"predecessor-version":[{"id":338,"href":"https:\/\/edemocracia.camaraindaiatuba.sp.gov.br\/index.php\/wp-json\/wp\/v2\/pages\/242\/revisions\/338"}],"wp:attachment":[{"href":"https:\/\/edemocracia.camaraindaiatuba.sp.gov.br\/index.php\/wp-json\/wp\/v2\/media?parent=242"}],"curies":[{"name":"wp","href":"https:\/\/api.w.org\/{rel}","templated":true}]}}