{"id":436,"date":"2026-01-22T14:28:12","date_gmt":"2026-01-22T17:28:12","guid":{"rendered":"https:\/\/edemocracia.camaraindaiatuba.sp.gov.br\/?page_id=436"},"modified":"2026-02-19T09:33:21","modified_gmt":"2026-02-19T12:33:21","slug":"relatorio-da-comissao-de-financas-e-orcamento-compilado-ano-2025","status":"publish","type":"page","link":"https:\/\/edemocracia.camaraindaiatuba.sp.gov.br\/index.php\/relatorio-da-comissao-de-financas-e-orcamento-compilado-ano-2025\/","title":{"rendered":"RELAT\u00d3RIO DA COMISS\u00c3O DE FINAN\u00c7AS E OR\u00c7AMENTO \u2013 COMPILADO \u2013 ANO 2025"},"content":{"rendered":"\n<p>No contexto das atividades legislativas \u00e9 o instrumento utilizado para o levantamento das demandas<br>da popula\u00e7\u00e3o que foram encaminhadas ao Poder Executivo antes da elabora\u00e7\u00e3o do or\u00e7amento. Este<br>procedimento \u00e9 essencial para auxiliar na concep\u00e7\u00e3o dos diagn\u00f3sticos necess\u00e1rios para a previs\u00e3o<br>das pol\u00edticas p\u00fablicas a serem executadas.<\/p>\n\n\n\n<iframe loading=\"lazy\" width=\"1100\" height=\"1100\" src=\"https:\/\/lookerstudio.google.com\/embed\/reporting\/6a2c9d4e-bc9c-4fd2-b288-cdc27dfba349\/page\/WN8kF\" frameborder=\"0\" style=\"border:0\" allowfullscreen sandbox=\"allow-storage-access-by-user-activation allow-scripts allow-same-origin allow-popups allow-popups-to-escape-sandbox\"><\/iframe>\n\n\n\n<figure class=\"wp-block-table\"><table class=\"has-fixed-layout\"><tbody><tr><td class=\"has-text-align-left\" data-align=\"left\"><a href=\"https:\/\/sapl.indaiatuba.sp.leg.br\/consultas\/materia\/materia_pesquisar_proc?incluir=0&amp;existe_ocorrencia=0&amp;lst_tip_materia=8&amp;txt_numero=&amp;txt_prot_pref=&amp;txt_ano=2025&amp;txt_npc=&amp;txt_num_protocolo=&amp;dt_apres=&amp;dt_apres2=&amp;dt_public=&amp;dt_public2=&amp;hdn_txt_autor=&amp;hdn_cod_autor=21&amp;lst_tip_autor=Parlamentar&amp;lst_cod_partido=&amp;txt_relator=&amp;txt_assunto=&amp;rad_tramitando=&amp;lst_localizacao=&amp;lst_tramitou=&amp;lst_status=&amp;rd_ordenacao=1&amp;chk_coautor=0\">ADALTO MISSIAS DE OLIVEIRA<\/a><\/td><td class=\"has-text-align-left\" data-align=\"left\"><a href=\"https:\/\/sapl.indaiatuba.sp.leg.br\/consultas\/materia\/materia_pesquisar_proc?incluir=0&amp;existe_ocorrencia=0&amp;lst_tip_materia=8&amp;txt_numero=&amp;txt_prot_pref=&amp;txt_ano=2025&amp;txt_npc=&amp;txt_num_protocolo=&amp;dt_apres=&amp;dt_apres2=&amp;dt_public=&amp;dt_public2=&amp;hdn_txt_autor=&amp;hdn_cod_autor=75&amp;lst_tip_autor=Parlamentar&amp;lst_cod_partido=&amp;txt_relator=&amp;txt_assunto=&amp;rad_tramitando=&amp;lst_localizacao=&amp;lst_tramitou=&amp;lst_status=&amp;rd_ordenacao=1&amp;chk_coautor=0\">EDUARDO TONIN<\/a><\/td><td class=\"has-text-align-left\" data-align=\"left\"><a href=\"https:\/\/sapl.indaiatuba.sp.leg.br\/consultas\/materia\/materia_pesquisar_proc?incluir=0&amp;existe_ocorrencia=0&amp;lst_tip_materia=8&amp;txt_numero=&amp;txt_prot_pref=&amp;txt_ano=2025&amp;txt_npc=&amp;txt_num_protocolo=&amp;dt_apres=&amp;dt_apres2=&amp;dt_public=&amp;dt_public2=&amp;hdn_txt_autor=&amp;hdn_cod_autor=70&amp;lst_tip_autor=Parlamentar&amp;lst_cod_partido=&amp;txt_relator=&amp;txt_assunto=&amp;rad_tramitando=&amp;lst_localizacao=&amp;lst_tramitou=&amp;lst_status=&amp;rd_ordenacao=1&amp;chk_coautor=0\">OTHNIEL HARFUCH<\/a><\/td><\/tr><tr><td class=\"has-text-align-left\" data-align=\"left\"><a href=\"https:\/\/sapl.indaiatuba.sp.leg.br\/consultas\/materia\/materia_pesquisar_proc?incluir=0&amp;existe_ocorrencia=0&amp;lst_tip_materia=8&amp;txt_numero=&amp;txt_prot_pref=&amp;txt_ano=2025&amp;txt_npc=&amp;txt_num_protocolo=&amp;dt_apres=&amp;dt_apres2=&amp;dt_public=&amp;dt_public2=&amp;hdn_txt_autor=&amp;hdn_cod_autor=9&amp;lst_tip_autor=Parlamentar&amp;lst_cod_partido=&amp;txt_relator=&amp;txt_assunto=&amp;rad_tramitando=&amp;lst_localizacao=&amp;lst_tramitou=&amp;lst_status=&amp;rd_ordenacao=1&amp;chk_coautor=0\">ALEXANDRE CARLOS PERES<\/a><\/td><td class=\"has-text-align-left\" data-align=\"left\"><a href=\"https:\/\/sapl.indaiatuba.sp.leg.br\/consultas\/materia\/materia_pesquisar_proc?incluir=0&amp;existe_ocorrencia=0&amp;lst_tip_materia=8&amp;txt_numero=&amp;txt_prot_pref=&amp;txt_ano=2025&amp;txt_npc=&amp;txt_num_protocolo=&amp;dt_apres=&amp;dt_apres2=&amp;dt_public=&amp;dt_public2=&amp;hdn_txt_autor=&amp;hdn_cod_autor=14&amp;lst_tip_autor=Parlamentar&amp;lst_cod_partido=&amp;txt_relator=&amp;txt_assunto=&amp;rad_tramitando=&amp;lst_localizacao=&amp;lst_tramitou=&amp;lst_status=&amp;rd_ordenacao=1&amp;chk_coautor=0\">H\u00c9LIO ALVES RIBEIRO<\/a><\/td><td class=\"has-text-align-left\" data-align=\"left\"><a href=\"https:\/\/sapl.indaiatuba.sp.leg.br\/consultas\/materia\/materia_pesquisar_proc?incluir=0&amp;existe_ocorrencia=0&amp;lst_tip_materia=8&amp;txt_numero=&amp;txt_prot_pref=&amp;txt_ano=2025&amp;txt_npc=&amp;txt_num_protocolo=&amp;dt_apres=&amp;dt_apres2=&amp;dt_public=&amp;dt_public2=&amp;hdn_txt_autor=&amp;hdn_cod_autor=74&amp;lst_tip_autor=Parlamentar&amp;lst_cod_partido=&amp;txt_relator=&amp;txt_assunto=&amp;rad_tramitando=&amp;lst_localizacao=&amp;lst_tramitou=&amp;lst_status=&amp;rd_ordenacao=1&amp;chk_coautor=0\">S\u00c9RGIO JOS\u00c9 TEIXEIRA<\/a><\/td><\/tr><tr><td class=\"has-text-align-left\" data-align=\"left\"><a href=\"https:\/\/sapl.indaiatuba.sp.leg.br\/consultas\/materia\/materia_pesquisar_proc?incluir=0&amp;existe_ocorrencia=0&amp;lst_tip_materia=8&amp;txt_numero=&amp;txt_prot_pref=&amp;txt_ano=2025&amp;txt_npc=&amp;txt_num_protocolo=&amp;dt_apres=&amp;dt_apres2=&amp;dt_public=&amp;dt_public2=&amp;hdn_txt_autor=&amp;hdn_cod_autor=79&amp;lst_tip_autor=Parlamentar&amp;lst_cod_partido=&amp;txt_relator=&amp;txt_assunto=&amp;rad_tramitando=&amp;lst_localizacao=&amp;lst_tramitou=&amp;lst_status=&amp;rd_ordenacao=1&amp;chk_coautor=0\">CL\u00c9LIA DOS SANTOS DE CARVALHO<\/a><\/td><td class=\"has-text-align-left\" data-align=\"left\"><a href=\"https:\/\/sapl.indaiatuba.sp.leg.br\/consultas\/materia\/materia_pesquisar_proc?incluir=0&amp;existe_ocorrencia=0&amp;lst_tip_materia=8&amp;txt_numero=&amp;txt_prot_pref=&amp;txt_ano=2025&amp;txt_npc=&amp;txt_num_protocolo=&amp;dt_apres=&amp;dt_apres2=&amp;dt_public=&amp;dt_public2=&amp;hdn_txt_autor=&amp;hdn_cod_autor=17&amp;lst_tip_autor=Parlamentar&amp;lst_cod_partido=&amp;txt_relator=&amp;txt_assunto=&amp;rad_tramitando=&amp;lst_localizacao=&amp;lst_tramitou=&amp;lst_status=&amp;rd_ordenacao=1&amp;chk_coautor=0\">LUIZ ALBERTO PEREIRA<\/a><\/td><td class=\"has-text-align-left\" data-align=\"left\"><a href=\"https:\/\/sapl.indaiatuba.sp.leg.br\/consultas\/materia\/materia_pesquisar_proc?incluir=0&amp;existe_ocorrencia=0&amp;lst_tip_materia=8&amp;txt_numero=&amp;txt_prot_pref=&amp;txt_ano=2025&amp;txt_npc=&amp;txt_num_protocolo=&amp;dt_apres=&amp;dt_apres2=&amp;dt_public=&amp;dt_public2=&amp;hdn_txt_autor=&amp;hdn_cod_autor=38&amp;lst_tip_autor=Parlamentar&amp;lst_cod_partido=&amp;txt_relator=&amp;txt_assunto=&amp;rad_tramitando=&amp;lst_localizacao=&amp;lst_tramitou=&amp;lst_status=&amp;rd_ordenacao=1&amp;chk_coautor=0\">T\u00daLIO JOS\u00c9 TOMASS DO COUTO<\/a><\/td><\/tr><tr><td class=\"has-text-align-left\" data-align=\"left\"><a href=\"https:\/\/sapl.indaiatuba.sp.leg.br\/consultas\/materia\/materia_pesquisar_proc?incluir=0&amp;existe_ocorrencia=0&amp;lst_tip_materia=8&amp;txt_numero=&amp;txt_prot_pref=&amp;txt_ano=2025&amp;txt_npc=&amp;txt_num_protocolo=&amp;dt_apres=&amp;dt_apres2=&amp;dt_public=&amp;dt_public2=&amp;hdn_txt_autor=&amp;hdn_cod_autor=79&amp;lst_tip_autor=Parlamentar&amp;lst_cod_partido=&amp;txt_relator=&amp;txt_assunto=&amp;rad_tramitando=&amp;lst_localizacao=&amp;lst_tramitou=&amp;lst_status=&amp;rd_ordenacao=1&amp;chk_coautor=0\"><\/a><a href=\"https:\/\/sapl.indaiatuba.sp.leg.br\/consultas\/materia\/materia_pesquisar_proc?incluir=0&amp;existe_ocorrencia=0&amp;lst_tip_materia=8&amp;txt_numero=&amp;txt_prot_pref=&amp;txt_ano=2025&amp;txt_npc=&amp;txt_num_protocolo=&amp;dt_apres=&amp;dt_apres2=&amp;dt_public=&amp;dt_public2=&amp;hdn_txt_autor=&amp;hdn_cod_autor=80&amp;lst_tip_autor=Parlamentar&amp;lst_cod_partido=&amp;txt_relator=&amp;txt_assunto=&amp;rad_tramitando=&amp;lst_localizacao=&amp;lst_tramitou=&amp;lst_status=&amp;rd_ordenacao=1&amp;chk_coautor=0\">DANILO BERTIPAGLIA BARNAB\u00c9<\/a><\/td><td class=\"has-text-align-left\" data-align=\"left\"><a href=\"https:\/\/sapl.indaiatuba.sp.leg.br\/consultas\/materia\/materia_pesquisar_proc?incluir=0&amp;existe_ocorrencia=0&amp;lst_tip_materia=8&amp;txt_numero=&amp;txt_prot_pref=&amp;txt_ano=2025&amp;txt_npc=&amp;txt_num_protocolo=&amp;dt_apres=&amp;dt_apres2=&amp;dt_public=&amp;dt_public2=&amp;hdn_txt_autor=&amp;hdn_cod_autor=69&amp;lst_tip_autor=Parlamentar&amp;lst_cod_partido=&amp;txt_relator=&amp;txt_assunto=&amp;rad_tramitando=&amp;lst_localizacao=&amp;lst_tramitou=&amp;lst_status=&amp;rd_ordenacao=1&amp;chk_coautor=0\">LEANDRO JOS\u00c9 PINTO<\/a><\/td><td class=\"has-text-align-left\" data-align=\"left\"><a href=\"https:\/\/sapl.indaiatuba.sp.leg.br\/consultas\/materia\/materia_pesquisar_proc?incluir=0&amp;existe_ocorrencia=0&amp;lst_tip_materia=8&amp;txt_numero=&amp;txt_prot_pref=&amp;txt_ano=2025&amp;txt_npc=&amp;txt_num_protocolo=&amp;dt_apres=&amp;dt_apres2=&amp;dt_public=&amp;dt_public2=&amp;hdn_txt_autor=&amp;hdn_cod_autor=71&amp;lst_tip_autor=Parlamentar&amp;lst_cod_partido=&amp;txt_relator=&amp;txt_assunto=&amp;rad_tramitando=&amp;lst_localizacao=&amp;lst_tramitou=&amp;lst_status=&amp;rd_ordenacao=1&amp;chk_coautor=0\">WILSON JOS\u00c9 DOS SANTOS<\/a><\/td><\/tr><\/tbody><\/table><\/figure>\n\n\n\n<iframe loading=\"lazy\" width=\"1100\" height=\"850\" src=\"https:\/\/lookerstudio.google.com\/embed\/reporting\/3422e302-45dc-42c4-b396-49309cb5b520\/page\/QHcoF\" frameborder=\"0\" style=\"border:0\" allowfullscreen sandbox=\"allow-storage-access-by-user-activation allow-scripts allow-same-origin allow-popups allow-popups-to-escape-sandbox\"><\/iframe>\n\n\n\n<p><a href=\"https:\/\/sapl.indaiatuba.sp.leg.br\/consultas\/comissao\/parecer\/parecer_index_html?cod_comissao=2&amp;ano=2025\">Clique aqui e acesse todos os pareceres emitidos na integra.<\/a><\/p>\n\n\n\n<div class=\"wp-block-columns is-layout-flex wp-container-core-columns-is-layout-9d6595d7 wp-block-columns-is-layout-flex\">\n<div class=\"wp-block-column is-layout-flow wp-block-column-is-layout-flow\">\n<figure class=\"wp-block-image size-full\"><img loading=\"lazy\" decoding=\"async\" width=\"350\" height=\"350\" src=\"https:\/\/edemocracia.camaraindaiatuba.sp.gov.br\/wp-content\/uploads\/2025\/08\/leandro.png\" alt=\"\" class=\"wp-image-401\" srcset=\"https:\/\/edemocracia.camaraindaiatuba.sp.gov.br\/wp-content\/uploads\/2025\/08\/leandro.png 350w, https:\/\/edemocracia.camaraindaiatuba.sp.gov.br\/wp-content\/uploads\/2025\/08\/leandro-300x300.png 300w, https:\/\/edemocracia.camaraindaiatuba.sp.gov.br\/wp-content\/uploads\/2025\/08\/leandro-150x150.png 150w\" sizes=\"auto, (max-width: 350px) 100vw, 350px\" \/><\/figure>\n<\/div>\n\n\n\n<div class=\"wp-block-column is-layout-flow wp-block-column-is-layout-flow\">\n<figure class=\"wp-block-image size-full\"><img loading=\"lazy\" decoding=\"async\" width=\"350\" height=\"350\" src=\"https:\/\/edemocracia.camaraindaiatuba.sp.gov.br\/wp-content\/uploads\/2025\/08\/prof-sergio.png\" alt=\"\" class=\"wp-image-398\" srcset=\"https:\/\/edemocracia.camaraindaiatuba.sp.gov.br\/wp-content\/uploads\/2025\/08\/prof-sergio.png 350w, https:\/\/edemocracia.camaraindaiatuba.sp.gov.br\/wp-content\/uploads\/2025\/08\/prof-sergio-300x300.png 300w, https:\/\/edemocracia.camaraindaiatuba.sp.gov.br\/wp-content\/uploads\/2025\/08\/prof-sergio-150x150.png 150w\" sizes=\"auto, (max-width: 350px) 100vw, 350px\" \/><\/figure>\n<\/div>\n\n\n\n<div class=\"wp-block-column is-layout-flow wp-block-column-is-layout-flow\">\n<figure class=\"wp-block-image size-full\"><img loading=\"lazy\" decoding=\"async\" width=\"350\" height=\"350\" src=\"https:\/\/edemocracia.camaraindaiatuba.sp.gov.br\/wp-content\/uploads\/2025\/08\/adalto.png\" alt=\"\" class=\"wp-image-399\" srcset=\"https:\/\/edemocracia.camaraindaiatuba.sp.gov.br\/wp-content\/uploads\/2025\/08\/adalto.png 350w, https:\/\/edemocracia.camaraindaiatuba.sp.gov.br\/wp-content\/uploads\/2025\/08\/adalto-300x300.png 300w, https:\/\/edemocracia.camaraindaiatuba.sp.gov.br\/wp-content\/uploads\/2025\/08\/adalto-150x150.png 150w\" sizes=\"auto, (max-width: 350px) 100vw, 350px\" \/><\/figure>\n<\/div>\n<\/div>\n","protected":false},"excerpt":{"rendered":"<p>No contexto das atividades legislativas \u00e9 o instrumento utilizado para o levantamento das demandasda popula\u00e7\u00e3o que foram encaminhadas ao Poder Executivo antes da elabora\u00e7\u00e3o do or\u00e7amento. Esteprocedimento \u00e9 essencial para auxiliar na concep\u00e7\u00e3o dos diagn\u00f3sticos necess\u00e1rios para a previs\u00e3odas pol\u00edticas p\u00fablicas a serem executadas. ADALTO MISSIAS DE OLIVEIRA EDUARDO TONIN OTHNIEL HARFUCH ALEXANDRE CARLOS PERES<\/p><\/div>\n<div class=\"blog-btn\"><a href=\"https:\/\/edemocracia.camaraindaiatuba.sp.gov.br\/index.php\/relatorio-da-comissao-de-financas-e-orcamento-compilado-ano-2025\/\" class=\"home-blog-btn\">Ler mais<\/a><\/p>\n","protected":false},"author":1,"featured_media":0,"parent":0,"menu_order":0,"comment_status":"closed","ping_status":"closed","template":"","meta":{"footnotes":""},"class_list":["post-436","page","type-page","status-publish","hentry"],"_links":{"self":[{"href":"https:\/\/edemocracia.camaraindaiatuba.sp.gov.br\/index.php\/wp-json\/wp\/v2\/pages\/436","targetHints":{"allow":["GET"]}}],"collection":[{"href":"https:\/\/edemocracia.camaraindaiatuba.sp.gov.br\/index.php\/wp-json\/wp\/v2\/pages"}],"about":[{"href":"https:\/\/edemocracia.camaraindaiatuba.sp.gov.br\/index.php\/wp-json\/wp\/v2\/types\/page"}],"author":[{"embeddable":true,"href":"https:\/\/edemocracia.camaraindaiatuba.sp.gov.br\/index.php\/wp-json\/wp\/v2\/users\/1"}],"replies":[{"embeddable":true,"href":"https:\/\/edemocracia.camaraindaiatuba.sp.gov.br\/index.php\/wp-json\/wp\/v2\/comments?post=436"}],"version-history":[{"count":12,"href":"https:\/\/edemocracia.camaraindaiatuba.sp.gov.br\/index.php\/wp-json\/wp\/v2\/pages\/436\/revisions"}],"predecessor-version":[{"id":465,"href":"https:\/\/edemocracia.camaraindaiatuba.sp.gov.br\/index.php\/wp-json\/wp\/v2\/pages\/436\/revisions\/465"}],"wp:attachment":[{"href":"https:\/\/edemocracia.camaraindaiatuba.sp.gov.br\/index.php\/wp-json\/wp\/v2\/media?parent=436"}],"curies":[{"name":"wp","href":"https:\/\/api.w.org\/{rel}","templated":true}]}}